{"id":260,"date":"2024-05-31T15:14:57","date_gmt":"2024-05-31T13:14:57","guid":{"rendered":"https:\/\/proadi.pl\/?page_id=260"},"modified":"2024-07-01T16:26:31","modified_gmt":"2024-07-01T14:26:31","slug":"proadi-site","status":"publish","type":"page","link":"https:\/\/proadi.pl\/?page_id=260","title":{"rendered":"Projetos"},"content":{"rendered":"\t\t<div data-elementor-type=\"wp-page\" data-elementor-id=\"260\" class=\"elementor elementor-260\">\n\t\t\t\t<div class=\"elementor-element elementor-element-9436fe9 e-flex e-con-boxed e-con e-parent\" data-id=\"9436fe9\" data-element_type=\"container\" data-e-type=\"container\" data-settings=\"{&quot;background_background&quot;:&quot;classic&quot;}\">\n\t\t\t\t\t<div class=\"e-con-inner\">\n\t\t<div class=\"elementor-element elementor-element-5149805 e-con-full e-flex e-con e-child\" data-id=\"5149805\" data-element_type=\"container\" data-e-type=\"container\" data-settings=\"{&quot;background_background&quot;:&quot;classic&quot;}\">\n\t\t\t\t<div class=\"elementor-element elementor-element-8e9abfb elementor-widget elementor-widget-heading\" data-id=\"8e9abfb\" data-element_type=\"widget\" data-e-type=\"widget\" data-widget_type=\"heading.default\">\n\t\t\t\t<div class=\"elementor-widget-container\">\n\t\t\t\t\t<h2 class=\"elementor-heading-title elementor-size-default\">Przestrze\u0144 Rozwoju Osobistego - PROA<\/h2>\t\t\t\t<\/div>\n\t\t\t\t<\/div>\n\t\t\t\t<div class=\"elementor-element elementor-element-d87a7df elementor-widget elementor-widget-spacer\" data-id=\"d87a7df\" data-element_type=\"widget\" data-e-type=\"widget\" data-widget_type=\"spacer.default\">\n\t\t\t\t<div class=\"elementor-widget-container\">\n\t\t\t\t\t\t\t<div class=\"elementor-spacer\">\n\t\t\t<div class=\"elementor-spacer-inner\"><\/div>\n\t\t<\/div>\n\t\t\t\t\t\t<\/div>\n\t\t\t\t<\/div>\n\t\t\t\t<div class=\"elementor-element elementor-element-c701b62 elementor-widget elementor-widget-heading\" data-id=\"c701b62\" data-element_type=\"widget\" data-e-type=\"widget\" data-widget_type=\"heading.default\">\n\t\t\t\t<div class=\"elementor-widget-container\">\n\t\t\t\t\t<h2 class=\"elementor-heading-title elementor-size-default\">Projekty<\/h2>\t\t\t\t<\/div>\n\t\t\t\t<\/div>\n\t\t<div class=\"elementor-element elementor-element-87c5608 e-con-full e-flex e-con e-child\" data-id=\"87c5608\" data-element_type=\"container\" data-e-type=\"container\" data-settings=\"{&quot;background_background&quot;:&quot;classic&quot;}\">\n\t\t<div class=\"elementor-element elementor-element-64dcd5a e-grid e-con-boxed e-con e-child\" data-id=\"64dcd5a\" data-element_type=\"container\" data-e-type=\"container\">\n\t\t\t\t\t<div class=\"e-con-inner\">\n\t\t\t\t<div class=\"elementor-element elementor-element-dde02df elementor-widget elementor-widget-image\" data-id=\"dde02df\" data-element_type=\"widget\" data-e-type=\"widget\" data-widget_type=\"image.default\">\n\t\t\t\t<div class=\"elementor-widget-container\">\n\t\t\t\t\t\t\t\t\t\t\t\t\t\t\t<img decoding=\"async\" width=\"200\" height=\"168\" src=\"https:\/\/proadi.pl\/wp-content\/uploads\/2024\/06\/Ucieknij-Depresj1i-1-200x168.jpg\" class=\"attachment-medium size-medium wp-image-367\" alt=\"\" srcset=\"https:\/\/proadi.pl\/wp-content\/uploads\/2024\/06\/Ucieknij-Depresj1i-1-200x168.jpg 200w, https:\/\/proadi.pl\/wp-content\/uploads\/2024\/06\/Ucieknij-Depresj1i-1.jpg 750w\" sizes=\"(max-width: 200px) 100vw, 200px\" \/>\t\t\t\t\t\t\t\t\t\t\t\t\t\t\t<\/div>\n\t\t\t\t<\/div>\n\t\t\t\t<div class=\"elementor-element elementor-element-d3645c8 elementor-widget elementor-widget-text-editor\" data-id=\"d3645c8\" data-element_type=\"widget\" data-e-type=\"widget\" data-widget_type=\"text-editor.default\">\n\t\t\t\t<div class=\"elementor-widget-container\">\n\t\t\t\t\t\t\t\t\t<p>Najnowsza premiera. To fantastyczny kurs, kt\u00f3ry patrzy na cz\u0142owieka przez pryzmat nauki. Przedstawiamy koncepcj\u0119 antropologiczn\u0105, psychologiczn\u0105 i duchow\u0105. Naszym celem jest, aby\u015b mia\u0142 podstawy do zrozumienia swojej rzeczywisto\u015bci i unikni\u0119cia niebezpiecze\u0144stw, takich jak depresja.<\/p>\t\t\t\t\t\t\t\t<\/div>\n\t\t\t\t<\/div>\n\t\t\t\t\t<\/div>\n\t\t\t\t<\/div>\n\t\t<div class=\"elementor-element elementor-element-20e4f44 e-grid e-con-boxed e-con e-child\" data-id=\"20e4f44\" data-element_type=\"container\" data-e-type=\"container\">\n\t\t\t\t\t<div class=\"e-con-inner\">\n\t\t\t\t<div class=\"elementor-element elementor-element-db6b527 elementor-widget elementor-widget-image\" data-id=\"db6b527\" data-element_type=\"widget\" data-e-type=\"widget\" data-widget_type=\"image.default\">\n\t\t\t\t<div class=\"elementor-widget-container\">\n\t\t\t\t\t\t\t\t\t\t\t\t\t\t\t<img decoding=\"async\" width=\"200\" height=\"200\" src=\"https:\/\/proadi.pl\/wp-content\/uploads\/2024\/06\/WhatsApp-Image-2024-06-14-at-14.47.43-2-200x200.jpeg\" class=\"attachment-medium size-medium wp-image-368\" alt=\"\" srcset=\"https:\/\/proadi.pl\/wp-content\/uploads\/2024\/06\/WhatsApp-Image-2024-06-14-at-14.47.43-2-200x200.jpeg 200w, https:\/\/proadi.pl\/wp-content\/uploads\/2024\/06\/WhatsApp-Image-2024-06-14-at-14.47.43-2-800x800.jpeg 800w, https:\/\/proadi.pl\/wp-content\/uploads\/2024\/06\/WhatsApp-Image-2024-06-14-at-14.47.43-2-150x150.jpeg 150w, https:\/\/proadi.pl\/wp-content\/uploads\/2024\/06\/WhatsApp-Image-2024-06-14-at-14.47.43-2-768x768.jpeg 768w, https:\/\/proadi.pl\/wp-content\/uploads\/2024\/06\/WhatsApp-Image-2024-06-14-at-14.47.43-2.jpeg 1000w\" sizes=\"(max-width: 200px) 100vw, 200px\" \/>\t\t\t\t\t\t\t\t\t\t\t\t\t\t\t<\/div>\n\t\t\t\t<\/div>\n\t\t\t\t<div class=\"elementor-element elementor-element-90ad20d elementor-widget elementor-widget-text-editor\" data-id=\"90ad20d\" data-element_type=\"widget\" data-e-type=\"widget\" data-widget_type=\"text-editor.default\">\n\t\t\t\t<div class=\"elementor-widget-container\">\n\t\t\t\t\t\t\t\t\t<p>Projekt &#8222;O zagadnieniu Wczucia&#8221; jest kontynuacj\u0105 trwaj\u0105cej od prawie trzech lat pracy Heleny Respondek nad popularyzacj\u0105 dorobku filozof Edyty Stein.<\/p><p>Nasze spotkania opieraj\u0105 si\u0119 na dog\u0142\u0119bnym studium tekst\u00f3w doktoratu Edyty Stein, jednocze\u015bnie umo\u017cliwiaj\u0105c dzielenie si\u0119 w\u0142asnymi przemy\u015bleniami i do\u015bwiadczeniami \u017cyciowymi.<\/p>\t\t\t\t\t\t\t\t<\/div>\n\t\t\t\t<\/div>\n\t\t\t\t\t<\/div>\n\t\t\t\t<\/div>\n\t\t<div class=\"elementor-element elementor-element-53fc1a2 e-grid e-con-boxed e-con e-child\" data-id=\"53fc1a2\" data-element_type=\"container\" data-e-type=\"container\">\n\t\t\t\t\t<div class=\"e-con-inner\">\n\t\t\t\t<div class=\"elementor-element elementor-element-7a84341 elementor-widget elementor-widget-image\" data-id=\"7a84341\" data-element_type=\"widget\" data-e-type=\"widget\" data-widget_type=\"image.default\">\n\t\t\t\t<div class=\"elementor-widget-container\">\n\t\t\t\t\t\t\t\t\t\t\t\t\t\t\t<img decoding=\"async\" width=\"200\" height=\"113\" src=\"https:\/\/proadi.pl\/wp-content\/uploads\/2024\/06\/WhatsApp-Image-2024-06-14-at-14.47.46-200x113.jpeg\" class=\"attachment-medium size-medium wp-image-369\" alt=\"\" srcset=\"https:\/\/proadi.pl\/wp-content\/uploads\/2024\/06\/WhatsApp-Image-2024-06-14-at-14.47.46-200x113.jpeg 200w, https:\/\/proadi.pl\/wp-content\/uploads\/2024\/06\/WhatsApp-Image-2024-06-14-at-14.47.46-800x450.jpeg 800w, https:\/\/proadi.pl\/wp-content\/uploads\/2024\/06\/WhatsApp-Image-2024-06-14-at-14.47.46-768x432.jpeg 768w, https:\/\/proadi.pl\/wp-content\/uploads\/2024\/06\/WhatsApp-Image-2024-06-14-at-14.47.46.jpeg 1280w\" sizes=\"(max-width: 200px) 100vw, 200px\" \/>\t\t\t\t\t\t\t\t\t\t\t\t\t\t\t<\/div>\n\t\t\t\t<\/div>\n\t\t\t\t<div class=\"elementor-element elementor-element-4169aad elementor-widget elementor-widget-text-editor\" data-id=\"4169aad\" data-element_type=\"widget\" data-e-type=\"widget\" data-widget_type=\"text-editor.default\">\n\t\t\t\t<div class=\"elementor-widget-container\">\n\t\t\t\t\t\t\t\t\t<p>Wizyta w domu Edyty Stein we Wroc\u0142awiu.<br \/>Jest to wspania\u0142e do\u015bwiadczenie i b\u0119dzie si\u0119 zdarza\u0107 cz\u0119\u015bciej, mo\u017cliwo\u015b\u0107 odwiedzenia domu, a tak\u017ce sp\u0119dzenia dnia formacji z lud\u017ami, kt\u00f3rzy szukaj\u0105 tej samej drogi: &#8222;Rozwoju jako kobieta i osoba&#8221;.<\/p>\t\t\t\t\t\t\t\t<\/div>\n\t\t\t\t<\/div>\n\t\t\t\t\t<\/div>\n\t\t\t\t<\/div>\n\t\t<div class=\"elementor-element elementor-element-7b6c5b2 e-grid e-con-boxed e-con e-child\" data-id=\"7b6c5b2\" data-element_type=\"container\" data-e-type=\"container\">\n\t\t\t\t\t<div class=\"e-con-inner\">\n\t\t\t\t<div class=\"elementor-element elementor-element-116905a elementor-widget elementor-widget-image\" data-id=\"116905a\" data-element_type=\"widget\" data-e-type=\"widget\" data-widget_type=\"image.default\">\n\t\t\t\t<div class=\"elementor-widget-container\">\n\t\t\t\t\t\t\t\t\t\t\t\t\t\t\t<img loading=\"lazy\" decoding=\"async\" width=\"141\" height=\"200\" src=\"https:\/\/proadi.pl\/wp-content\/uploads\/2024\/06\/WhatsApp-Image-2024-06-14-at-14.47.43-1-141x200.jpeg\" class=\"attachment-medium size-medium wp-image-370\" alt=\"\" srcset=\"https:\/\/proadi.pl\/wp-content\/uploads\/2024\/06\/WhatsApp-Image-2024-06-14-at-14.47.43-1-141x200.jpeg 141w, https:\/\/proadi.pl\/wp-content\/uploads\/2024\/06\/WhatsApp-Image-2024-06-14-at-14.47.43-1-566x800.jpeg 566w, https:\/\/proadi.pl\/wp-content\/uploads\/2024\/06\/WhatsApp-Image-2024-06-14-at-14.47.43-1-768x1086.jpeg 768w, https:\/\/proadi.pl\/wp-content\/uploads\/2024\/06\/WhatsApp-Image-2024-06-14-at-14.47.43-1-1086x1536.jpeg 1086w, https:\/\/proadi.pl\/wp-content\/uploads\/2024\/06\/WhatsApp-Image-2024-06-14-at-14.47.43-1.jpeg 1131w\" sizes=\"(max-width: 141px) 100vw, 141px\" \/>\t\t\t\t\t\t\t\t\t\t\t\t\t\t\t<\/div>\n\t\t\t\t<\/div>\n\t\t\t\t<div class=\"elementor-element elementor-element-faa40b2 elementor-widget elementor-widget-text-editor\" data-id=\"faa40b2\" data-element_type=\"widget\" data-e-type=\"widget\" data-widget_type=\"text-editor.default\">\n\t\t\t\t<div class=\"elementor-widget-container\">\n\t\t\t\t\t\t\t\t\t<p>O. Jaros\u0142aw G\u00f3rka i Helena Respondek prowadz\u0105 formacj\u0119 psychologiczn\u0105 i duchow\u0105, oczywi\u015bcie ka\u017cdy w swojej dziedzinie.<br \/>Formacja ta, oparta pismach filozoficznych i duchowych Edyty Stein, przynios\u0142a imponuj\u0105ce owoce dla uczestniczek &#8211; kobiet, kt\u00f3re coraz cz\u0119\u015bciej odnajduj\u0105 swoj\u0105 drog\u0119 i rozw\u00f3j. Te comiesi\u0119czne spotkania odbywaj\u0105 si\u0119 w mie\u015bcie Gorz\u0119dziej.<\/p>\t\t\t\t\t\t\t\t<\/div>\n\t\t\t\t<\/div>\n\t\t\t\t\t<\/div>\n\t\t\t\t<\/div>\n\t\t<div class=\"elementor-element elementor-element-c60b2cd e-grid e-con-boxed e-con e-child\" data-id=\"c60b2cd\" data-element_type=\"container\" data-e-type=\"container\">\n\t\t\t\t\t<div class=\"e-con-inner\">\n\t\t\t\t<div class=\"elementor-element elementor-element-4ed5496 elementor-widget elementor-widget-image\" data-id=\"4ed5496\" data-element_type=\"widget\" data-e-type=\"widget\" data-widget_type=\"image.default\">\n\t\t\t\t<div class=\"elementor-widget-container\">\n\t\t\t\t\t\t\t\t\t\t\t\t\t\t\t<img loading=\"lazy\" decoding=\"async\" width=\"200\" height=\"113\" src=\"https:\/\/proadi.pl\/wp-content\/uploads\/2024\/06\/Kopia-\u2013-Kopia-\u2013-Kopia-\u2013-Kopia-\u2013-Kopia-\u2013-Kopia-\u2013-Kopia-\u2013-Kopia-Kopia-Macierzynska-Sztuka-Wychowania-6-200x113.png\" class=\"attachment-medium size-medium wp-image-317\" alt=\"\" srcset=\"https:\/\/proadi.pl\/wp-content\/uploads\/2024\/06\/Kopia-\u2013-Kopia-\u2013-Kopia-\u2013-Kopia-\u2013-Kopia-\u2013-Kopia-\u2013-Kopia-\u2013-Kopia-Kopia-Macierzynska-Sztuka-Wychowania-6-200x113.png 200w, https:\/\/proadi.pl\/wp-content\/uploads\/2024\/06\/Kopia-\u2013-Kopia-\u2013-Kopia-\u2013-Kopia-\u2013-Kopia-\u2013-Kopia-\u2013-Kopia-\u2013-Kopia-Kopia-Macierzynska-Sztuka-Wychowania-6-800x450.png 800w, https:\/\/proadi.pl\/wp-content\/uploads\/2024\/06\/Kopia-\u2013-Kopia-\u2013-Kopia-\u2013-Kopia-\u2013-Kopia-\u2013-Kopia-\u2013-Kopia-\u2013-Kopia-Kopia-Macierzynska-Sztuka-Wychowania-6-768x432.png 768w, https:\/\/proadi.pl\/wp-content\/uploads\/2024\/06\/Kopia-\u2013-Kopia-\u2013-Kopia-\u2013-Kopia-\u2013-Kopia-\u2013-Kopia-\u2013-Kopia-\u2013-Kopia-Kopia-Macierzynska-Sztuka-Wychowania-6.png 1280w\" sizes=\"(max-width: 200px) 100vw, 200px\" \/>\t\t\t\t\t\t\t\t\t\t\t\t\t\t\t<\/div>\n\t\t\t\t<\/div>\n\t\t\t\t<div class=\"elementor-element elementor-element-86fd3a1 elementor-widget elementor-widget-text-editor\" data-id=\"86fd3a1\" data-element_type=\"widget\" data-e-type=\"widget\" data-widget_type=\"text-editor.default\">\n\t\t\t\t<div class=\"elementor-widget-container\">\n\t\t\t\t\t\t\t\t\t<p>Druga cz\u0119\u015b\u0107 kursu na temat sztuki macierzy\u0144stwa. Modu\u0142 ten obejmuje wychowanie dzieci od wieku szkolnego do doros\u0142o\u015bci.<\/p>\t\t\t\t\t\t\t\t<\/div>\n\t\t\t\t<\/div>\n\t\t\t\t\t<\/div>\n\t\t\t\t<\/div>\n\t\t<div class=\"elementor-element elementor-element-25fd667 e-grid e-con-boxed e-con e-child\" data-id=\"25fd667\" data-element_type=\"container\" data-e-type=\"container\">\n\t\t\t\t\t<div class=\"e-con-inner\">\n\t\t\t\t<div class=\"elementor-element elementor-element-c568186 elementor-widget elementor-widget-image\" data-id=\"c568186\" data-element_type=\"widget\" data-e-type=\"widget\" data-widget_type=\"image.default\">\n\t\t\t\t<div class=\"elementor-widget-container\">\n\t\t\t\t\t\t\t\t\t\t\t\t\t\t\t<img loading=\"lazy\" decoding=\"async\" width=\"200\" height=\"113\" src=\"https:\/\/proadi.pl\/wp-content\/uploads\/2024\/06\/1-200x113.png\" class=\"attachment-medium size-medium wp-image-316\" alt=\"\" srcset=\"https:\/\/proadi.pl\/wp-content\/uploads\/2024\/06\/1-200x113.png 200w, https:\/\/proadi.pl\/wp-content\/uploads\/2024\/06\/1-800x450.png 800w, https:\/\/proadi.pl\/wp-content\/uploads\/2024\/06\/1-768x432.png 768w, https:\/\/proadi.pl\/wp-content\/uploads\/2024\/06\/1.png 1280w\" sizes=\"(max-width: 200px) 100vw, 200px\" \/>\t\t\t\t\t\t\t\t\t\t\t\t\t\t\t<\/div>\n\t\t\t\t<\/div>\n\t\t\t\t<div class=\"elementor-element elementor-element-97ace0e elementor-widget elementor-widget-text-editor\" data-id=\"97ace0e\" data-element_type=\"widget\" data-e-type=\"widget\" data-widget_type=\"text-editor.default\">\n\t\t\t\t<div class=\"elementor-widget-container\">\n\t\t\t\t\t\t\t\t\t<p>Jest to propozycja dla rodzic\u00f3w, kt\u00f3rzy chc\u0105 rozwija\u0107 swoje umiej\u0119tno\u015bci wychowywania dzieci, ale tak\u017ce dla tych, kt\u00f3rzy s\u0105 jeszcze na wczesnym etapie posiadania dziecka i musz\u0105 si\u0119 przygotowa\u0107. Edyta Stein w nowoczesny spos\u00f3b wizualizuje ten etap w \u017cyciu rodzic\u00f3w i przysz\u0142ych rodzic\u00f3w.<\/p>\t\t\t\t\t\t\t\t<\/div>\n\t\t\t\t<\/div>\n\t\t\t\t\t<\/div>\n\t\t\t\t<\/div>\n\t\t<div class=\"elementor-element elementor-element-cc01dd7 e-grid e-con-boxed e-con e-child\" data-id=\"cc01dd7\" data-element_type=\"container\" data-e-type=\"container\">\n\t\t\t\t\t<div class=\"e-con-inner\">\n\t\t<div class=\"elementor-element elementor-element-4525052 e-grid e-con-boxed e-con e-child\" data-id=\"4525052\" data-element_type=\"container\" data-e-type=\"container\">\n\t\t\t\t\t<div class=\"e-con-inner\">\n\t\t\t\t<div class=\"elementor-element elementor-element-06fe5c5 elementor-widget elementor-widget-image\" data-id=\"06fe5c5\" data-element_type=\"widget\" data-e-type=\"widget\" data-widget_type=\"image.default\">\n\t\t\t\t<div class=\"elementor-widget-container\">\n\t\t\t\t\t\t\t\t\t\t\t\t\t\t\t<img loading=\"lazy\" decoding=\"async\" width=\"200\" height=\"113\" src=\"https:\/\/proadi.pl\/wp-content\/uploads\/2024\/06\/368004569_10231724855609490_79662908512749583_n-200x113.jpg\" class=\"attachment-medium size-medium wp-image-413\" alt=\"\" srcset=\"https:\/\/proadi.pl\/wp-content\/uploads\/2024\/06\/368004569_10231724855609490_79662908512749583_n-200x113.jpg 200w, https:\/\/proadi.pl\/wp-content\/uploads\/2024\/06\/368004569_10231724855609490_79662908512749583_n-800x450.jpg 800w, https:\/\/proadi.pl\/wp-content\/uploads\/2024\/06\/368004569_10231724855609490_79662908512749583_n-768x432.jpg 768w, https:\/\/proadi.pl\/wp-content\/uploads\/2024\/06\/368004569_10231724855609490_79662908512749583_n.jpg 960w\" sizes=\"(max-width: 200px) 100vw, 200px\" \/>\t\t\t\t\t\t\t\t\t\t\t\t\t\t\t<\/div>\n\t\t\t\t<\/div>\n\t\t\t\t<div class=\"elementor-element elementor-element-fabd157 elementor-widget elementor-widget-text-editor\" data-id=\"fabd157\" data-element_type=\"widget\" data-e-type=\"widget\" data-widget_type=\"text-editor.default\">\n\t\t\t\t<div class=\"elementor-widget-container\">\n\t\t\t\t\t\t\t\t\t<p>Kurs ten poprowadzi\u0142 trener Alexandre Respondek. Misj\u0105 tego kursu jest pomoc parom w zrozumieniu, czym jest osoba i jak mo\u017cemy rozwija\u0107 nasze wzajemne zrozumienie i ich potrzeby. Alexandre, ze swoim brazylijskim charakterem, pokazuje uczestnikom, jak spojrze\u0107 na co\u015b inaczej, zmieniaj\u0105c wiele ideologii obecnych w naszym dzisiejszym spo\u0142ecze\u0144stwie.<\/p>\t\t\t\t\t\t\t\t<\/div>\n\t\t\t\t<\/div>\n\t\t\t\t\t<\/div>\n\t\t\t\t<\/div>\n\t\t\t\t\t<\/div>\n\t\t\t\t<\/div>\n\t\t\t\t<\/div>\n\t\t\t\t<\/div>\n\t\t\t\t<div class=\"elementor-element elementor-element-163de9a elementor-widget elementor-widget-spacer\" data-id=\"163de9a\" data-element_type=\"widget\" data-e-type=\"widget\" data-widget_type=\"spacer.default\">\n\t\t\t\t<div class=\"elementor-widget-container\">\n\t\t\t\t\t\t\t<div class=\"elementor-spacer\">\n\t\t\t<div class=\"elementor-spacer-inner\"><\/div>\n\t\t<\/div>\n\t\t\t\t\t\t<\/div>\n\t\t\t\t<\/div>\n\t\t\t\t\t<\/div>\n\t\t\t\t<\/div>\n\t\t<div class=\"elementor-element elementor-element-e05d820 e-flex e-con-boxed e-con e-parent\" data-id=\"e05d820\" data-element_type=\"container\" data-e-type=\"container\" data-settings=\"{&quot;background_background&quot;:&quot;classic&quot;}\">\n\t\t\t\t\t<div class=\"e-con-inner\">\n\t\t<div class=\"elementor-element elementor-element-d430b4e e-con-full e-flex e-con e-child\" data-id=\"d430b4e\" data-element_type=\"container\" data-e-type=\"container\" data-settings=\"{&quot;background_background&quot;:&quot;classic&quot;}\">\n\t\t<div class=\"elementor-element elementor-element-faa6029 e-grid e-con-full e-con e-child\" data-id=\"faa6029\" data-element_type=\"container\" data-e-type=\"container\">\n\t\t\t\t<div class=\"elementor-element elementor-element-8a6f83e elementor-view-default elementor-widget elementor-widget-icon\" data-id=\"8a6f83e\" data-element_type=\"widget\" data-e-type=\"widget\" data-widget_type=\"icon.default\">\n\t\t\t\t<div class=\"elementor-widget-container\">\n\t\t\t\t\t\t\t<div class=\"elementor-icon-wrapper\">\n\t\t\t<div class=\"elementor-icon\">\n\t\t\t<svg aria-hidden=\"true\" class=\"e-font-icon-svg e-fab-facebook\" viewBox=\"0 0 512 512\" xmlns=\"http:\/\/www.w3.org\/2000\/svg\"><path d=\"M504 256C504 119 393 8 256 8S8 119 8 256c0 123.78 90.69 226.38 209.25 245V327.69h-63V256h63v-54.64c0-62.15 37-96.48 93.67-96.48 27.14 0 55.52 4.84 55.52 4.84v61h-31.28c-30.8 0-40.41 19.12-40.41 38.73V256h68.78l-11 71.69h-57.78V501C413.31 482.38 504 379.78 504 256z\"><\/path><\/svg>\t\t\t<\/div>\n\t\t<\/div>\n\t\t\t\t\t\t<\/div>\n\t\t\t\t<\/div>\n\t\t\t\t<div class=\"elementor-element elementor-element-48fb710 elementor-view-default elementor-widget elementor-widget-icon\" data-id=\"48fb710\" data-element_type=\"widget\" data-e-type=\"widget\" data-widget_type=\"icon.default\">\n\t\t\t\t<div class=\"elementor-widget-container\">\n\t\t\t\t\t\t\t<div class=\"elementor-icon-wrapper\">\n\t\t\t<div class=\"elementor-icon\">\n\t\t\t<svg aria-hidden=\"true\" class=\"e-font-icon-svg e-fas-chalkboard-teacher\" viewBox=\"0 0 640 512\" xmlns=\"http:\/\/www.w3.org\/2000\/svg\"><path d=\"M208 352c-2.39 0-4.78.35-7.06 1.09C187.98 357.3 174.35 360 160 360c-14.35 0-27.98-2.7-40.95-6.91-2.28-.74-4.66-1.09-7.05-1.09C49.94 352-.33 402.48 0 464.62.14 490.88 21.73 512 48 512h224c26.27 0 47.86-21.12 48-47.38.33-62.14-49.94-112.62-112-112.62zm-48-32c53.02 0 96-42.98 96-96s-42.98-96-96-96-96 42.98-96 96 42.98 96 96 96zM592 0H208c-26.47 0-48 22.25-48 49.59V96c23.42 0 45.1 6.78 64 17.8V64h352v288h-64v-64H384v64h-76.24c19.1 16.69 33.12 38.73 39.69 64H592c26.47 0 48-22.25 48-49.59V49.59C640 22.25 618.47 0 592 0z\"><\/path><\/svg>\t\t\t<\/div>\n\t\t<\/div>\n\t\t\t\t\t\t<\/div>\n\t\t\t\t<\/div>\n\t\t\t\t<div class=\"elementor-element elementor-element-1faf57e elementor-view-default elementor-widget elementor-widget-icon\" data-id=\"1faf57e\" data-element_type=\"widget\" data-e-type=\"widget\" data-widget_type=\"icon.default\">\n\t\t\t\t<div class=\"elementor-widget-container\">\n\t\t\t\t\t\t\t<div class=\"elementor-icon-wrapper\">\n\t\t\t<div class=\"elementor-icon\">\n\t\t\t<svg aria-hidden=\"true\" class=\"e-font-icon-svg e-fas-star\" viewBox=\"0 0 576 512\" xmlns=\"http:\/\/www.w3.org\/2000\/svg\"><path d=\"M259.3 17.8L194 150.2 47.9 171.5c-26.2 3.8-36.7 36.1-17.7 54.6l105.7 103-25 145.5c-4.5 26.3 23.2 46 46.4 33.7L288 439.6l130.7 68.7c23.2 12.2 50.9-7.4 46.4-33.7l-25-145.5 105.7-103c19-18.5 8.5-50.8-17.7-54.6L382 150.2 316.7 17.8c-11.7-23.6-45.6-23.9-57.4 0z\"><\/path><\/svg>\t\t\t<\/div>\n\t\t<\/div>\n\t\t\t\t\t\t<\/div>\n\t\t\t\t<\/div>\n\t\t\t\t<div class=\"elementor-element elementor-element-1c14103 elementor-widget elementor-widget-image\" data-id=\"1c14103\" data-element_type=\"widget\" data-e-type=\"widget\" data-widget_type=\"image.default\">\n\t\t\t\t<div class=\"elementor-widget-container\">\n\t\t\t\t\t\t\t\t\t\t\t\t\t\t\t<img loading=\"lazy\" decoding=\"async\" width=\"512\" height=\"512\" src=\"https:\/\/proadi.pl\/wp-content\/uploads\/2024\/04\/cropped-298915895_429744122504611_9162252581410265919_n.jpg\" class=\"attachment-large size-large wp-image-15\" alt=\"\" srcset=\"https:\/\/proadi.pl\/wp-content\/uploads\/2024\/04\/cropped-298915895_429744122504611_9162252581410265919_n.jpg 512w, https:\/\/proadi.pl\/wp-content\/uploads\/2024\/04\/cropped-298915895_429744122504611_9162252581410265919_n-300x300.jpg 300w, https:\/\/proadi.pl\/wp-content\/uploads\/2024\/04\/cropped-298915895_429744122504611_9162252581410265919_n-150x150.jpg 150w, https:\/\/proadi.pl\/wp-content\/uploads\/2024\/04\/cropped-298915895_429744122504611_9162252581410265919_n-270x270.jpg 270w, https:\/\/proadi.pl\/wp-content\/uploads\/2024\/04\/cropped-298915895_429744122504611_9162252581410265919_n-192x192.jpg 192w, https:\/\/proadi.pl\/wp-content\/uploads\/2024\/04\/cropped-298915895_429744122504611_9162252581410265919_n-180x180.jpg 180w, https:\/\/proadi.pl\/wp-content\/uploads\/2024\/04\/cropped-298915895_429744122504611_9162252581410265919_n-32x32.jpg 32w\" sizes=\"(max-width: 512px) 100vw, 512px\" \/>\t\t\t\t\t\t\t\t\t\t\t\t\t\t\t<\/div>\n\t\t\t\t<\/div>\n\t\t\t\t<div class=\"elementor-element elementor-element-8e5fd32 elementor-widget__width-initial elementor-widget elementor-widget-text-editor\" data-id=\"8e5fd32\" data-element_type=\"widget\" data-e-type=\"widget\" data-widget_type=\"text-editor.default\">\n\t\t\t\t<div class=\"elementor-widget-container\">\n\t\t\t\t\t\t\t\t\t<div class=\"aiAXrc\">Henryka Sienkiewicza<\/div><p><span class=\"fMYBhe\">05-120 Legionowo<\/span><\/p>\t\t\t\t\t\t\t\t<\/div>\n\t\t\t\t<\/div>\n\t\t\t\t<\/div>\n\t\t\t\t<\/div>\n\t\t\t\t\t<\/div>\n\t\t\t\t<\/div>\n\t\t\t\t<\/div>\n\t\t","protected":false},"excerpt":{"rendered":"<p>Przestrze\u0144 Rozwoju Osobistego &#8211; PROA Projekty Najnowsza premiera. To fantastyczny kurs, kt\u00f3ry patrzy na cz\u0142owieka przez pryzmat nauki. Przedstawiamy koncepcj\u0119 antropologiczn\u0105, psychologiczn\u0105 i duchow\u0105. Naszym celem jest, aby\u015b mia\u0142 podstawy &#8230;<\/p>\n","protected":false},"author":1,"featured_media":0,"parent":0,"menu_order":0,"comment_status":"closed","ping_status":"closed","template":"elementor_canvas","meta":{"_kadence_starter_templates_imported_post":false,"footnotes":""},"class_list":["post-260","page","type-page","status-publish","hentry"],"_links":{"self":[{"href":"https:\/\/proadi.pl\/index.php?rest_route=\/wp\/v2\/pages\/260","targetHints":{"allow":["GET"]}}],"collection":[{"href":"https:\/\/proadi.pl\/index.php?rest_route=\/wp\/v2\/pages"}],"about":[{"href":"https:\/\/proadi.pl\/index.php?rest_route=\/wp\/v2\/types\/page"}],"author":[{"embeddable":true,"href":"https:\/\/proadi.pl\/index.php?rest_route=\/wp\/v2\/users\/1"}],"replies":[{"embeddable":true,"href":"https:\/\/proadi.pl\/index.php?rest_route=%2Fwp%2Fv2%2Fcomments&post=260"}],"version-history":[{"count":46,"href":"https:\/\/proadi.pl\/index.php?rest_route=\/wp\/v2\/pages\/260\/revisions"}],"predecessor-version":[{"id":494,"href":"https:\/\/proadi.pl\/index.php?rest_route=\/wp\/v2\/pages\/260\/revisions\/494"}],"wp:attachment":[{"href":"https:\/\/proadi.pl\/index.php?rest_route=%2Fwp%2Fv2%2Fmedia&parent=260"}],"curies":[{"name":"wp","href":"https:\/\/api.w.org\/{rel}","templated":true}]}}