{"id":271,"date":"2024-06-05T15:07:54","date_gmt":"2024-06-05T13:07:54","guid":{"rendered":"https:\/\/proadi.pl\/?page_id=271"},"modified":"2024-07-01T16:11:59","modified_gmt":"2024-07-01T14:11:59","slug":"elementor-271","status":"publish","type":"page","link":"https:\/\/proadi.pl\/?page_id=271","title":{"rendered":"Oferta"},"content":{"rendered":"\t\t<div data-elementor-type=\"wp-post\" data-elementor-id=\"271\" class=\"elementor elementor-271\">\n\t\t\t\t<div class=\"elementor-element elementor-element-7fac61c e-flex e-con-boxed e-con e-parent\" data-id=\"7fac61c\" data-element_type=\"container\" data-e-type=\"container\">\n\t\t\t\t\t<div class=\"e-con-inner\">\n\t\t\t\t<div class=\"elementor-element elementor-element-f6a6ff8 elementor-widget elementor-widget-spacer\" data-id=\"f6a6ff8\" data-element_type=\"widget\" data-e-type=\"widget\" data-widget_type=\"spacer.default\">\n\t\t\t\t<div class=\"elementor-widget-container\">\n\t\t\t\t\t\t\t<div class=\"elementor-spacer\">\n\t\t\t<div class=\"elementor-spacer-inner\"><\/div>\n\t\t<\/div>\n\t\t\t\t\t\t<\/div>\n\t\t\t\t<\/div>\n\t\t\t\t<div class=\"elementor-element elementor-element-311dc6e elementor-widget elementor-widget-heading\" data-id=\"311dc6e\" data-element_type=\"widget\" data-e-type=\"widget\" data-widget_type=\"heading.default\">\n\t\t\t\t<div class=\"elementor-widget-container\">\n\t\t\t\t\t<h2 class=\"elementor-heading-title elementor-size-default\">Oferta<\/h2>\t\t\t\t<\/div>\n\t\t\t\t<\/div>\n\t\t\t\t<div class=\"elementor-element elementor-element-42a1bad elementor-widget elementor-widget-spacer\" data-id=\"42a1bad\" data-element_type=\"widget\" data-e-type=\"widget\" data-widget_type=\"spacer.default\">\n\t\t\t\t<div class=\"elementor-widget-container\">\n\t\t\t\t\t\t\t<div class=\"elementor-spacer\">\n\t\t\t<div class=\"elementor-spacer-inner\"><\/div>\n\t\t<\/div>\n\t\t\t\t\t\t<\/div>\n\t\t\t\t<\/div>\n\t\t\t\t\t<\/div>\n\t\t\t\t<\/div>\n\t\t<div class=\"elementor-element elementor-element-bc191ac e-flex e-con-boxed e-con e-parent\" data-id=\"bc191ac\" data-element_type=\"container\" data-e-type=\"container\">\n\t\t\t\t\t<div class=\"e-con-inner\">\n\t\t<div class=\"elementor-element elementor-element-5d3dd49 e-con-full e-flex e-con e-child\" data-id=\"5d3dd49\" data-element_type=\"container\" data-e-type=\"container\">\n\t\t\t\t<div class=\"elementor-element elementor-element-0cb5c51 elementor-widget__width-initial elementor-widget elementor-widget-image\" data-id=\"0cb5c51\" data-element_type=\"widget\" data-e-type=\"widget\" data-widget_type=\"image.default\">\n\t\t\t\t<div class=\"elementor-widget-container\">\n\t\t\t\t\t\t\t\t\t\t\t\t\t\t\t<img fetchpriority=\"high\" decoding=\"async\" width=\"800\" height=\"533\" src=\"https:\/\/proadi.pl\/wp-content\/uploads\/2024\/06\/Helena-102-800x533.jpg\" class=\"attachment-large size-large wp-image-314\" alt=\"\" srcset=\"https:\/\/proadi.pl\/wp-content\/uploads\/2024\/06\/Helena-102-800x533.jpg 800w, https:\/\/proadi.pl\/wp-content\/uploads\/2024\/06\/Helena-102-200x133.jpg 200w, https:\/\/proadi.pl\/wp-content\/uploads\/2024\/06\/Helena-102-768x512.jpg 768w, https:\/\/proadi.pl\/wp-content\/uploads\/2024\/06\/Helena-102-1536x1024.jpg 1536w, https:\/\/proadi.pl\/wp-content\/uploads\/2024\/06\/Helena-102.jpg 1800w\" sizes=\"(max-width: 800px) 100vw, 800px\" \/>\t\t\t\t\t\t\t\t\t\t\t\t\t\t\t<\/div>\n\t\t\t\t<\/div>\n\t\t\t\t<\/div>\n\t\t<div class=\"elementor-element elementor-element-53f6356 e-con-full e-flex e-con e-child\" data-id=\"53f6356\" data-element_type=\"container\" data-e-type=\"container\">\n\t\t\t\t<div class=\"elementor-element elementor-element-1275efb elementor-widget elementor-widget-heading\" data-id=\"1275efb\" data-element_type=\"widget\" data-e-type=\"widget\" data-widget_type=\"heading.default\">\n\t\t\t\t<div class=\"elementor-widget-container\">\n\t\t\t\t\t<h2 class=\"elementor-heading-title elementor-size-default\">ADI\/TIP TERAPIA<\/h2>\t\t\t\t<\/div>\n\t\t\t\t<\/div>\n\t\t\t\t<div class=\"elementor-element elementor-element-7457e62 elementor-widget elementor-widget-text-editor\" data-id=\"7457e62\" data-element_type=\"widget\" data-e-type=\"widget\" data-widget_type=\"text-editor.default\">\n\t\t\t\t<div class=\"elementor-widget-container\">\n\t\t\t\t\t\t\t\t\t<p><span class=\"TextRun SCXW83883201 BCX0\" lang=\"PT-BR\" xml:lang=\"PT-BR\" data-contrast=\"auto\"><span class=\"NormalTextRun SCXW83883201 BCX0\">ADI\/TIP <\/span><span class=\"NormalTextRun SpellingErrorV2Themed SCXW83883201 BCX0\">to<\/span> <span class=\"NormalTextRun SpellingErrorV2Themed SCXW83883201 BCX0\">skr\u00f3t<\/span> <span class=\"NormalTextRun SpellingErrorV2Themed SCXW83883201 BCX0\">od<\/span> <span class=\"NormalTextRun SpellingErrorV2Themed SCXW83883201 BCX0\">portugalskich<\/span> <span class=\"NormalTextRun SpellingErrorV2Themed SCXW83883201 BCX0\">s\u0142\u00f3w<\/span><span class=\"NormalTextRun SCXW83883201 BCX0\"> Abordagem Direta do Inconsciente \/ Terapia de Integra\u00e7\u00e3o Pessoal, <\/span><span class=\"NormalTextRun SpellingErrorV2Themed SCXW83883201 BCX0\">co<\/span> <span class=\"NormalTextRun SpellingErrorV2Themed SCXW83883201 BCX0\">oznacza<\/span> <span class=\"NormalTextRun SpellingErrorV2Themed SCXW83883201 BCX0\">Bezpo\u015brednie<\/span> <span class=\"NormalTextRun SpellingErrorV2Themed SCXW83883201 BCX0\">Podej\u015bcie<\/span><span class=\"NormalTextRun SCXW83883201 BCX0\"> do <\/span><span class=\"NormalTextRun SpellingErrorV2Themed SCXW83883201 BCX0\">Nie\u015bwiadomo\u015bci<\/span><span class=\"NormalTextRun SCXW83883201 BCX0\"> \/ Terapia <\/span><span class=\"NormalTextRun SpellingErrorV2Themed SCXW83883201 BCX0\">Integracji<\/span> <span class=\"NormalTextRun SpellingErrorV2Themed SCXW83883201 BCX0\">Personalnej<\/span><span class=\"NormalTextRun SCXW83883201 BCX0\">.\u00a0<\/span><\/span><span class=\"TextRun SCXW83883201 BCX0\" lang=\"PT-BR\" xml:lang=\"PT-BR\" data-contrast=\"none\"><span class=\"NormalTextRun SCXW83883201 BCX0\">ADI <\/span><span class=\"NormalTextRun SpellingErrorV2Themed SCXW83883201 BCX0\">umo\u017cliwia<\/span> <span class=\"NormalTextRun SpellingErrorV2Themed SCXW83883201 BCX0\">cz\u0142owiekowi<\/span> <span class=\"NormalTextRun SpellingErrorV2Themed SCXW83883201 BCX0\">odkrycie<\/span> <span class=\"NormalTextRun SpellingErrorV2Themed SCXW83883201 BCX0\">kod\u00f3w<\/span> <span class=\"NormalTextRun SpellingErrorV2Themed SCXW83883201 BCX0\">egzystencjalnych<\/span><span class=\"NormalTextRun SCXW83883201 BCX0\">, <\/span><span class=\"NormalTextRun SpellingErrorV2Themed SCXW83883201 BCX0\">kt\u00f3re<\/span> <span class=\"NormalTextRun SpellingErrorV2Themed SCXW83883201 BCX0\">zosta\u0142y<\/span> <span class=\"NormalTextRun SpellingErrorV2Themed SCXW83883201 BCX0\">skonfigurowane<\/span><span class=\"NormalTextRun SCXW83883201 BCX0\"> w <\/span><span class=\"NormalTextRun SpellingErrorV2Themed SCXW83883201 BCX0\">spos\u00f3b<\/span> <span class=\"NormalTextRun SpellingErrorV2Themed SCXW83883201 BCX0\">prerefleksyjny<\/span><span class=\"NormalTextRun SCXW83883201 BCX0\"> (<\/span><span class=\"NormalTextRun SpellingErrorV2Themed SCXW83883201 BCX0\">nie<\/span> <span class=\"NormalTextRun SpellingErrorV2Themed SCXW83883201 BCX0\">zdaj\u0105c<\/span> <span class=\"NormalTextRun SpellingErrorV2Themed SCXW83883201 BCX0\">sobie<\/span><span class=\"NormalTextRun SCXW83883201 BCX0\"> z <\/span><span class=\"NormalTextRun SpellingErrorV2Themed SCXW83883201 BCX0\">tego<\/span> <span class=\"NormalTextRun SpellingErrorV2Themed SCXW83883201 BCX0\">sprawy<\/span><span class=\"NormalTextRun SCXW83883201 BCX0\">), na <\/span><span class=\"NormalTextRun SpellingErrorV2Themed SCXW83883201 BCX0\">poziomie<\/span><span class=\"NormalTextRun SCXW83883201 BCX0\"> \u201e<\/span><span class=\"NormalTextRun SpellingErrorV2Themed SCXW83883201 BCX0\">nie\u015bwiadomo\u015bci<\/span> <span class=\"NormalTextRun SpellingErrorV2Themed SCXW83883201 BCX0\">noologicznej<\/span><span class=\"NormalTextRun SCXW83883201 BCX0\">\u201d. <\/span><span class=\"NormalTextRun SpellingErrorV2Themed SCXW83883201 BCX0\">Dotycz\u0105<\/span> <span class=\"NormalTextRun SpellingErrorV2Themed SCXW83883201 BCX0\">one<\/span> <span class=\"NormalTextRun SpellingErrorV2Themed SCXW83883201 BCX0\">sytuacji<\/span><span class=\"NormalTextRun SCXW83883201 BCX0\">, <\/span><span class=\"NormalTextRun SpellingErrorV2Themed SCXW83883201 BCX0\">innych<\/span> <span class=\"NormalTextRun SpellingErrorV2Themed SCXW83883201 BCX0\">os\u00f3b<\/span><span class=\"NormalTextRun SCXW83883201 BCX0\"> i <\/span><span class=\"NormalTextRun SpellingErrorV2Themed SCXW83883201 BCX0\">siebie<\/span> <span class=\"NormalTextRun SpellingErrorV2Themed SCXW83883201 BCX0\">samego<\/span><span class=\"NormalTextRun SCXW83883201 BCX0\">, <\/span><span class=\"NormalTextRun SpellingErrorV2Themed SCXW83883201 BCX0\">tworz\u0105<\/span> <span class=\"NormalTextRun SpellingErrorV2Themed SCXW83883201 BCX0\">si\u0119<\/span><span class=\"NormalTextRun SCXW83883201 BCX0\"> w <\/span><span class=\"NormalTextRun SpellingErrorV2Themed SCXW83883201 BCX0\">oparciu<\/span><span class=\"NormalTextRun SCXW83883201 BCX0\"> o <\/span><span class=\"NormalTextRun SpellingErrorV2Themed SCXW83883201 BCX0\">konkretne<\/span> <span class=\"NormalTextRun SpellingErrorV2Themed SCXW83883201 BCX0\">do\u015bwiadczenia<\/span> <span class=\"NormalTextRun SpellingErrorV2Themed SCXW83883201 BCX0\">\u017cyciowe<\/span><span class=\"NormalTextRun SCXW83883201 BCX0\">.<\/span><\/span><span class=\"EOP SCXW83883201 BCX0\" data-ccp-props=\"{&quot;201341983&quot;:0,&quot;335559739&quot;:160,&quot;335559740&quot;:279}\">\u00a0<\/span><\/p>\t\t\t\t\t\t\t\t<\/div>\n\t\t\t\t<\/div>\n\t\t\t\t<div class=\"elementor-element elementor-element-7d29d8d elementor-widget elementor-widget-button\" data-id=\"7d29d8d\" data-element_type=\"widget\" data-e-type=\"widget\" data-widget_type=\"button.default\">\n\t\t\t\t<div class=\"elementor-widget-container\">\n\t\t\t\t\t\t\t\t\t<div class=\"elementor-button-wrapper\">\n\t\t\t\t\t<a class=\"elementor-button elementor-button-link elementor-size-sm\" href=\"https:\/\/aditerapia.pl\/oferta\/\">\n\t\t\t\t\t\t<span class=\"elementor-button-content-wrapper\">\n\t\t\t\t\t\t\t\t\t<span class=\"elementor-button-text\">Cena<\/span>\n\t\t\t\t\t<\/span>\n\t\t\t\t\t<\/a>\n\t\t\t\t<\/div>\n\t\t\t\t\t\t\t\t<\/div>\n\t\t\t\t<\/div>\n\t\t\t\t<\/div>\n\t\t<div class=\"elementor-element elementor-element-14a4503 e-con-full e-flex e-con e-child\" data-id=\"14a4503\" data-element_type=\"container\" data-e-type=\"container\">\n\t\t\t\t<div class=\"elementor-element elementor-element-1717681 elementor-widget elementor-widget-image\" data-id=\"1717681\" data-element_type=\"widget\" data-e-type=\"widget\" data-widget_type=\"image.default\">\n\t\t\t\t<div class=\"elementor-widget-container\">\n\t\t\t\t\t\t\t\t\t\t\t\t\t\t\t<img decoding=\"async\" width=\"800\" height=\"533\" src=\"https:\/\/proadi.pl\/wp-content\/uploads\/2024\/06\/Helena-101-800x533.jpg\" class=\"attachment-large size-large wp-image-313\" alt=\"\" srcset=\"https:\/\/proadi.pl\/wp-content\/uploads\/2024\/06\/Helena-101-800x533.jpg 800w, https:\/\/proadi.pl\/wp-content\/uploads\/2024\/06\/Helena-101-200x133.jpg 200w, https:\/\/proadi.pl\/wp-content\/uploads\/2024\/06\/Helena-101-768x512.jpg 768w, https:\/\/proadi.pl\/wp-content\/uploads\/2024\/06\/Helena-101-1536x1024.jpg 1536w, https:\/\/proadi.pl\/wp-content\/uploads\/2024\/06\/Helena-101.jpg 1800w\" sizes=\"(max-width: 800px) 100vw, 800px\" \/>\t\t\t\t\t\t\t\t\t\t\t\t\t\t\t<\/div>\n\t\t\t\t<\/div>\n\t\t\t\t<\/div>\n\t\t<div class=\"elementor-element elementor-element-171d8ea e-con-full e-flex e-con e-child\" data-id=\"171d8ea\" data-element_type=\"container\" data-e-type=\"container\">\n\t\t\t\t<div class=\"elementor-element elementor-element-25744f9 elementor-widget elementor-widget-heading\" data-id=\"25744f9\" data-element_type=\"widget\" data-e-type=\"widget\" data-widget_type=\"heading.default\">\n\t\t\t\t<div class=\"elementor-widget-container\">\n\t\t\t\t\t<h2 class=\"elementor-heading-title elementor-size-default\">ADI\/TIP WZMOCNIENIE<\/h2>\t\t\t\t<\/div>\n\t\t\t\t<\/div>\n\t\t\t\t<div class=\"elementor-element elementor-element-788c49f elementor-widget elementor-widget-text-editor\" data-id=\"788c49f\" data-element_type=\"widget\" data-e-type=\"widget\" data-widget_type=\"text-editor.default\">\n\t\t\t\t<div class=\"elementor-widget-container\">\n\t\t\t\t\t\t\t\t\t<p>Propozycja dla os\u00f3b, kt\u00f3re przesz\u0142y ju\u017c pe\u0142n\u0105 terapi\u0119 TIP. S\u0142u\u017cy ona wzmocnieniu pozytywnych zmian postterapeutycznych, a tak\u017ce pracy nad tymi problemami, kt\u00f3re nie pojawi\u0142y si\u0119 w trakcie terapii.<\/p>\t\t\t\t\t\t\t\t<\/div>\n\t\t\t\t<\/div>\n\t\t\t\t<\/div>\n\t\t\t\t\t<\/div>\n\t\t\t\t<\/div>\n\t\t<div class=\"elementor-element elementor-element-b6d4620 e-flex e-con-boxed e-con e-parent\" data-id=\"b6d4620\" data-element_type=\"container\" data-e-type=\"container\">\n\t\t\t\t\t<div class=\"e-con-inner\">\n\t\t<div class=\"elementor-element elementor-element-923facf e-con-full e-flex e-con e-child\" data-id=\"923facf\" data-element_type=\"container\" data-e-type=\"container\">\n\t\t\t\t<div class=\"elementor-element elementor-element-ea7c1f9 elementor-widget__width-initial elementor-widget elementor-widget-image\" data-id=\"ea7c1f9\" data-element_type=\"widget\" data-e-type=\"widget\" data-widget_type=\"image.default\">\n\t\t\t\t<div class=\"elementor-widget-container\">\n\t\t\t\t\t\t\t\t\t\t\t\t\t\t\t<img decoding=\"async\" width=\"800\" height=\"533\" src=\"https:\/\/proadi.pl\/wp-content\/uploads\/2024\/06\/Helena-109-800x533.jpg\" class=\"attachment-large size-large wp-image-315\" alt=\"\" srcset=\"https:\/\/proadi.pl\/wp-content\/uploads\/2024\/06\/Helena-109-800x533.jpg 800w, https:\/\/proadi.pl\/wp-content\/uploads\/2024\/06\/Helena-109-200x133.jpg 200w, https:\/\/proadi.pl\/wp-content\/uploads\/2024\/06\/Helena-109-768x512.jpg 768w, https:\/\/proadi.pl\/wp-content\/uploads\/2024\/06\/Helena-109-1536x1024.jpg 1536w, https:\/\/proadi.pl\/wp-content\/uploads\/2024\/06\/Helena-109.jpg 1800w\" sizes=\"(max-width: 800px) 100vw, 800px\" \/>\t\t\t\t\t\t\t\t\t\t\t\t\t\t\t<\/div>\n\t\t\t\t<\/div>\n\t\t\t\t<\/div>\n\t\t<div class=\"elementor-element elementor-element-6119883 e-con-full e-flex e-con e-child\" data-id=\"6119883\" data-element_type=\"container\" data-e-type=\"container\">\n\t\t\t\t<div class=\"elementor-element elementor-element-14b372e elementor-widget elementor-widget-heading\" data-id=\"14b372e\" data-element_type=\"widget\" data-e-type=\"widget\" data-widget_type=\"heading.default\">\n\t\t\t\t<div class=\"elementor-widget-container\">\n\t\t\t\t\t<h2 class=\"elementor-heading-title elementor-size-default\">ADI\/TIP POZYTYWIZACJA<\/h2>\t\t\t\t<\/div>\n\t\t\t\t<\/div>\n\t\t\t\t<div class=\"elementor-element elementor-element-9ff1247 elementor-widget elementor-widget-text-editor\" data-id=\"9ff1247\" data-element_type=\"widget\" data-e-type=\"widget\" data-widget_type=\"text-editor.default\">\n\t\t\t\t<div class=\"elementor-widget-container\">\n\t\t\t\t\t\t\t\t\t<ul class=\"elementor-icon-list-items\"><li class=\"elementor-icon-list-item\"><span class=\"elementor-icon-list-text\">5 sesji, kt\u00f3rych celem jest wzmocnienie w\u0142asnego potencja\u0142u, nabranie wiary we w\u0142asne si\u0142y i zaufanie sobie!<\/span><\/li><li class=\"elementor-icon-list-item\"><span class=\"elementor-icon-list-text\">\u00a0<\/span><\/li><li class=\"elementor-icon-list-item\"><span class=\"elementor-icon-list-text\">Dla os\u00f3b, kt\u00f3re nie s\u0105 zainteresowane przej\u015bciem pe\u0142nej terapii, a jedynie odkryciem swoich mocnych stron, rozpoznaniem w\u0142asnego potencja\u0142u, a tak\u017ce dla dzieci, m\u0142odzie\u017cy i kobiet w ci\u0105\u017cy<\/span><\/li><\/ul>\t\t\t\t\t\t\t\t<\/div>\n\t\t\t\t<\/div>\n\t\t\t\t<\/div>\n\t\t<div class=\"elementor-element elementor-element-93df663 e-con-full e-flex e-con e-child\" data-id=\"93df663\" data-element_type=\"container\" data-e-type=\"container\">\n\t\t\t\t<div class=\"elementor-element elementor-element-0573d9e elementor-widget elementor-widget-image\" data-id=\"0573d9e\" data-element_type=\"widget\" data-e-type=\"widget\" data-widget_type=\"image.default\">\n\t\t\t\t<div class=\"elementor-widget-container\">\n\t\t\t\t\t\t\t\t\t\t\t\t\t\t\t<img decoding=\"async\" width=\"800\" height=\"533\" src=\"https:\/\/proadi.pl\/wp-content\/uploads\/2024\/06\/Helena-101-800x533.jpg\" class=\"attachment-large size-large wp-image-313\" alt=\"\" srcset=\"https:\/\/proadi.pl\/wp-content\/uploads\/2024\/06\/Helena-101-800x533.jpg 800w, https:\/\/proadi.pl\/wp-content\/uploads\/2024\/06\/Helena-101-200x133.jpg 200w, https:\/\/proadi.pl\/wp-content\/uploads\/2024\/06\/Helena-101-768x512.jpg 768w, https:\/\/proadi.pl\/wp-content\/uploads\/2024\/06\/Helena-101-1536x1024.jpg 1536w, https:\/\/proadi.pl\/wp-content\/uploads\/2024\/06\/Helena-101.jpg 1800w\" sizes=\"(max-width: 800px) 100vw, 800px\" \/>\t\t\t\t\t\t\t\t\t\t\t\t\t\t\t<\/div>\n\t\t\t\t<\/div>\n\t\t\t\t<\/div>\n\t\t<div class=\"elementor-element elementor-element-2445176 e-con-full e-flex e-con e-child\" data-id=\"2445176\" data-element_type=\"container\" data-e-type=\"container\">\n\t\t\t\t<div class=\"elementor-element elementor-element-f96e6ca elementor-widget elementor-widget-heading\" data-id=\"f96e6ca\" data-element_type=\"widget\" data-e-type=\"widget\" data-widget_type=\"heading.default\">\n\t\t\t\t<div class=\"elementor-widget-container\">\n\t\t\t\t\t<h2 class=\"elementor-heading-title elementor-size-default\">KONSULTACJE PSYCHOLOGICZNE<\/h2>\t\t\t\t<\/div>\n\t\t\t\t<\/div>\n\t\t\t\t<div class=\"elementor-element elementor-element-00f6d3b elementor-widget elementor-widget-text-editor\" data-id=\"00f6d3b\" data-element_type=\"widget\" data-e-type=\"widget\" data-widget_type=\"text-editor.default\">\n\t\t\t\t<div class=\"elementor-widget-container\">\n\t\t\t\t\t\t\t\t\t<p>Konsultacje psychologiczne s\u0142u\u017c\u0105 ocenie sytuacji klienta, mo\u017cliwej przyczyny problem\u00f3w i zaproponowaniu sposobu leczenia (czy problem wymaga leczenia psychologicznego, duchowego czy coachingowego).<\/p>\t\t\t\t\t\t\t\t<\/div>\n\t\t\t\t<\/div>\n\t\t\t\t<\/div>\n\t\t\t\t\t<\/div>\n\t\t\t\t<\/div>\n\t\t<div class=\"elementor-element elementor-element-dc83597 e-flex e-con-boxed e-con e-parent\" data-id=\"dc83597\" data-element_type=\"container\" data-e-type=\"container\">\n\t\t\t\t\t<div class=\"e-con-inner\">\n\t\t<div class=\"elementor-element elementor-element-d25e374 e-con-full e-flex e-con e-child\" data-id=\"d25e374\" data-element_type=\"container\" data-e-type=\"container\">\n\t\t\t\t<div class=\"elementor-element elementor-element-d661b7b elementor-widget__width-initial elementor-widget elementor-widget-image\" data-id=\"d661b7b\" data-element_type=\"widget\" data-e-type=\"widget\" data-widget_type=\"image.default\">\n\t\t\t\t<div class=\"elementor-widget-container\">\n\t\t\t\t\t\t\t\t\t\t\t\t\t\t\t<img decoding=\"async\" width=\"800\" height=\"533\" src=\"https:\/\/proadi.pl\/wp-content\/uploads\/2024\/06\/Helena-109-800x533.jpg\" class=\"attachment-large size-large wp-image-315\" alt=\"\" srcset=\"https:\/\/proadi.pl\/wp-content\/uploads\/2024\/06\/Helena-109-800x533.jpg 800w, https:\/\/proadi.pl\/wp-content\/uploads\/2024\/06\/Helena-109-200x133.jpg 200w, https:\/\/proadi.pl\/wp-content\/uploads\/2024\/06\/Helena-109-768x512.jpg 768w, https:\/\/proadi.pl\/wp-content\/uploads\/2024\/06\/Helena-109-1536x1024.jpg 1536w, https:\/\/proadi.pl\/wp-content\/uploads\/2024\/06\/Helena-109.jpg 1800w\" sizes=\"(max-width: 800px) 100vw, 800px\" \/>\t\t\t\t\t\t\t\t\t\t\t\t\t\t\t<\/div>\n\t\t\t\t<\/div>\n\t\t\t\t<\/div>\n\t\t<div class=\"elementor-element elementor-element-16c9562 e-con-full e-flex e-con e-child\" data-id=\"16c9562\" data-element_type=\"container\" data-e-type=\"container\">\n\t\t\t\t<div class=\"elementor-element elementor-element-f9dcd07 elementor-widget elementor-widget-heading\" data-id=\"f9dcd07\" data-element_type=\"widget\" data-e-type=\"widget\" data-widget_type=\"heading.default\">\n\t\t\t\t<div class=\"elementor-widget-container\">\n\t\t\t\t\t<h2 class=\"elementor-heading-title elementor-size-default\">COACHING<\/h2>\t\t\t\t<\/div>\n\t\t\t\t<\/div>\n\t\t\t\t<div class=\"elementor-element elementor-element-bc34c5e elementor-widget elementor-widget-text-editor\" data-id=\"bc34c5e\" data-element_type=\"widget\" data-e-type=\"widget\" data-widget_type=\"text-editor.default\">\n\t\t\t\t<div class=\"elementor-widget-container\">\n\t\t\t\t\t\t\t\t\t<p>Coasching to proces, kt\u00f3ry pomaga pracowa\u0107 nad rozwojem zewn\u0119trznym, tym, co robisz, aby osi\u0105gn\u0105\u0107 oczekiwany rezultat. Jakie postawy mog\u0119 przyj\u0105\u0107 w tym momencie mojego \u017cycia? Proces wykorzystuje r\u00f3\u017cnorodne techniki, kt\u00f3re w po\u0142\u0105czeniu pomagaj\u0105 pacjentowi zoptymalizowa\u0107 czas i wyniki w d\u0105\u017ceniu do tego, czego zawsze pragn\u0105\u0142, ale nie by\u0142 w stanie osi\u0105gn\u0105\u0107.<\/p><p>Proces coachingu trwa zazwyczaj 10 sesji. Tutaj nasz proces ma kilka opcji, aby lepiej sprosta\u0107 ka\u017cdemu zapotrzebowaniu.<\/p>\t\t\t\t\t\t\t\t<\/div>\n\t\t\t\t<\/div>\n\t\t\t\t<\/div>\n\t\t<div class=\"elementor-element elementor-element-be5bd5f e-con-full e-flex e-con e-child\" data-id=\"be5bd5f\" data-element_type=\"container\" data-e-type=\"container\">\n\t\t\t\t<div class=\"elementor-element elementor-element-2e60865 elementor-widget__width-initial elementor-widget elementor-widget-image\" data-id=\"2e60865\" data-element_type=\"widget\" data-e-type=\"widget\" data-widget_type=\"image.default\">\n\t\t\t\t<div class=\"elementor-widget-container\">\n\t\t\t\t\t\t\t\t\t\t\t\t\t\t\t<img decoding=\"async\" width=\"800\" height=\"533\" src=\"https:\/\/proadi.pl\/wp-content\/uploads\/2024\/06\/Helena-101-800x533.jpg\" class=\"attachment-large size-large wp-image-313\" alt=\"\" srcset=\"https:\/\/proadi.pl\/wp-content\/uploads\/2024\/06\/Helena-101-800x533.jpg 800w, https:\/\/proadi.pl\/wp-content\/uploads\/2024\/06\/Helena-101-200x133.jpg 200w, https:\/\/proadi.pl\/wp-content\/uploads\/2024\/06\/Helena-101-768x512.jpg 768w, https:\/\/proadi.pl\/wp-content\/uploads\/2024\/06\/Helena-101-1536x1024.jpg 1536w, https:\/\/proadi.pl\/wp-content\/uploads\/2024\/06\/Helena-101.jpg 1800w\" sizes=\"(max-width: 800px) 100vw, 800px\" \/>\t\t\t\t\t\t\t\t\t\t\t\t\t\t\t<\/div>\n\t\t\t\t<\/div>\n\t\t\t\t<\/div>\n\t\t<div class=\"elementor-element elementor-element-99587a1 e-con-full e-flex e-con e-child\" data-id=\"99587a1\" data-element_type=\"container\" data-e-type=\"container\">\n\t\t\t\t<div class=\"elementor-element elementor-element-8807227 elementor-widget elementor-widget-heading\" data-id=\"8807227\" data-element_type=\"widget\" data-e-type=\"widget\" data-widget_type=\"heading.default\">\n\t\t\t\t<div class=\"elementor-widget-container\">\n\t\t\t\t\t<h2 class=\"elementor-heading-title elementor-size-default\">TOWARZYSZENIE MA\u0141\u017bE\u0143STWOM<\/h2>\t\t\t\t<\/div>\n\t\t\t\t<\/div>\n\t\t\t\t<div class=\"elementor-element elementor-element-748e68c elementor-widget elementor-widget-text-editor\" data-id=\"748e68c\" data-element_type=\"widget\" data-e-type=\"widget\" data-widget_type=\"text-editor.default\">\n\t\t\t\t<div class=\"elementor-widget-container\">\n\t\t\t\t\t\t\t\t\t<p>Nasz proces dla par pozwala ludziom zbli\u017cy\u0107 si\u0119 do siebie poprzez lepsze poznanie swoich trudno\u015bci,\u00a0 koncentruj\u0105c wysi\u0142ki na tym, co najbardziej le\u017cy w interesie pary. Nasza propozycja jest bardzo odpowiednia dla par w kryzysie, jak r\u00f3wnie\u017c, dla tych, kt\u00f3rzy po prostu chc\u0105 jeszcze bardziej poprawi\u0107 sw\u00f3j zwi\u0105zek i zag\u0142\u0119bi\u0107 si\u0119 we wzajemn\u0105 dynamik\u0119. Proces ten wykorzystuje r\u00f3\u017cne elementy coachingu, aby zmaksymalizowa\u0107 wyniki.<\/p>\t\t\t\t\t\t\t\t<\/div>\n\t\t\t\t<\/div>\n\t\t\t\t<\/div>\n\t\t\t\t\t<\/div>\n\t\t\t\t<\/div>\n\t\t\t\t<\/div>\n\t\t","protected":false},"excerpt":{"rendered":"<p>Oferta ADI\/TIP TERAPIA ADI\/TIP to skr\u00f3t od portugalskich s\u0142\u00f3w Abordagem Direta do Inconsciente \/ Terapia de Integra\u00e7\u00e3o Pessoal, co oznacza Bezpo\u015brednie Podej\u015bcie do Nie\u015bwiadomo\u015bci \/ Terapia Integracji Personalnej.\u00a0ADI umo\u017cliwia cz\u0142owiekowi &#8230;<\/p>\n","protected":false},"author":1,"featured_media":0,"parent":0,"menu_order":0,"comment_status":"closed","ping_status":"closed","template":"elementor_canvas","meta":{"_kadence_starter_templates_imported_post":false,"footnotes":""},"class_list":["post-271","page","type-page","status-publish","hentry"],"_links":{"self":[{"href":"https:\/\/proadi.pl\/index.php?rest_route=\/wp\/v2\/pages\/271","targetHints":{"allow":["GET"]}}],"collection":[{"href":"https:\/\/proadi.pl\/index.php?rest_route=\/wp\/v2\/pages"}],"about":[{"href":"https:\/\/proadi.pl\/index.php?rest_route=\/wp\/v2\/types\/page"}],"author":[{"embeddable":true,"href":"https:\/\/proadi.pl\/index.php?rest_route=\/wp\/v2\/users\/1"}],"replies":[{"embeddable":true,"href":"https:\/\/proadi.pl\/index.php?rest_route=%2Fwp%2Fv2%2Fcomments&post=271"}],"version-history":[{"count":26,"href":"https:\/\/proadi.pl\/index.php?rest_route=\/wp\/v2\/pages\/271\/revisions"}],"predecessor-version":[{"id":487,"href":"https:\/\/proadi.pl\/index.php?rest_route=\/wp\/v2\/pages\/271\/revisions\/487"}],"wp:attachment":[{"href":"https:\/\/proadi.pl\/index.php?rest_route=%2Fwp%2Fv2%2Fmedia&parent=271"}],"curies":[{"name":"wp","href":"https:\/\/api.w.org\/{rel}","templated":true}]}}